{"id":10,"date":"2021-07-10T12:54:59","date_gmt":"2021-07-10T12:54:59","guid":{"rendered":"https:\/\/www.topcita.es\/blog\/?page_id=10"},"modified":"2022-06-02T14:44:40","modified_gmt":"2022-06-02T14:44:40","slug":"cita-previa-sepe","status":"publish","type":"page","link":"https:\/\/www.topcita.es\/blog\/cita-previa-sepe\/","title":{"rendered":"Cita Previa Sepe"},"content":{"rendered":"\n<p>El Sepe (Servicio P\u00fablico Estatal de Empleo) es un Organismo P\u00fablico que depende del Ministerio de Trabajo En Espa\u00f1a y es el equivalente al <strong>antiguo INEM <\/strong>&#8211; Instituto Nacional de Empleo hasta el a\u00f1o 2.003.<\/p>\n\n\n\n<figure class=\"wp-block-gallery has-nested-images columns-default is-cropped wp-block-gallery-1 is-layout-flex wp-block-gallery-is-layout-flex\">\n<figure class=\"wp-block-image size-large\"><img loading=\"lazy\" decoding=\"async\" width=\"831\" height=\"321\" data-id=\"13\" src=\"https:\/\/www.topcita.es\/blog\/wp-content\/uploads\/2021\/07\/cita-previa-sepe.jpg\" alt=\"cita previa sepe\" class=\"wp-image-13\" srcset=\"https:\/\/www.topcita.es\/blog\/wp-content\/uploads\/2021\/07\/cita-previa-sepe.jpg 831w, https:\/\/www.topcita.es\/blog\/wp-content\/uploads\/2021\/07\/cita-previa-sepe-300x116.jpg 300w, https:\/\/www.topcita.es\/blog\/wp-content\/uploads\/2021\/07\/cita-previa-sepe-768x297.jpg 768w\" sizes=\"auto, (max-width: 831px) 100vw, 831px\" \/><\/figure>\n<\/figure>\n\n\n\n<p>El Sepe est\u00e1 organizado en unos Sevicios centralizados en Madrid y <strong>52 direcciones provinciales<\/strong> con el apoyo de una red de oficinas dependiendo del tama\u00f1o de cada provincia. M\u00e1s adelante, le facilitamos acceso a cada una de las provincias con n\u00fameros de tel\u00e9fono y direcci\u00f3n para pedir cita previa.<\/p>\n\n\n\n<p>El Sepe dispone de los siguentes canales para prestar sus servicios:<\/p>\n\n\n\n<ul class=\"wp-block-list\"><li>Tel\u00e9fono <strong>Atenci\u00f3n al ciudadano <\/strong>el n\u00famero 91 273 83 83 y un n\u00famero por cada provincia que puede consultar en los accesos que le mostramos m\u00e1s adelante a cada una de las provincias.<\/li><li>Un Tel\u00e9fono para <strong>pedir Cita Previa <\/strong>de forma centralizada en el n\u00famero 91 273 83 84. Tambi\u00e9n puede pedir la cita en las direcciones provinciales<\/li><li>Una p\u00e1gina web <strong>www.sepe.es<\/strong> para realizar todo tipo de gestiones de forma online si dispone del correspondiente certificado digital emitido por la FNMT.<\/li><\/ul>\n\n\n\n<h2 class=\"wp-block-heading\">Sepe Prestaciones Cita Previa<\/h2>\n\n\n\n<p>Los Servicios que ofree el SEPE son los siguientes: <\/p>\n\n\n\n<ul class=\"wp-block-list\"><li>Gesti\u00f3n de <a href=\"https:\/\/sede.sepe.gob.es\/ConsultaPrestacionesAAWWeb\/DCAction.do\">Prestaciones en el SEPE<\/a> : <\/li><\/ul>\n\n\n\n<p>Prestaciones por desempleo, Renta Activa de Inserci\u00f3n (RAI) , Subsidio desempleo Agrario (Andaluc\u00eda y Extremadura ). Subsidio extraordinario por desempleo.<\/p>\n\n\n\n<p><strong>Servicio Para emprendedores<\/strong>:  Tr\u00e1mites para pagar el acumulado de la prestaci\u00f3n por desempleo en un pago \u00fanico (capitalizaci\u00f3n) para fomentar el empleo como aut\u00f3nomo.<\/p>\n\n\n\n<p><strong>Servicio Para jovenes <\/strong>: Inscribir en el Registro de Garant\u00eda Juvenil y apoyo telef\u00f3nico<\/p>\n\n\n\n<p><strong>Servicio para empresas <\/strong>y Organismos p\u00fablicos facilitantoles la labor de publicac\u00f3n de sus ofertas de empleo.<\/p>\n\n\n\n<p>Para pedir cita previa en los servicios detallados, acceda a la provincia que le corresponde y dentro de la misma seleccionar su localidad. Dependiendo del tama\u00f1o de la Provincia, le mostramos varias localidades donde el SEPE dispone de oficina de atenci\u00f3n al Cudadano: <\/p>\n\n\n\n<h2 class=\"wp-block-heading\">Como Pedir Cita Previa Sepe &#8211; Inem &#8211; Pasos a seguir<\/h2>\n\n\n\n<p>Si necesitas solicitar el paro o la prestaci\u00f3n contributiva por desempleo, prestaci\u00f3n varia, ayuda extraordinaria o subsidio por desempleo tienes que gestionarlo con el <strong>Servicio P\u00fablico de Empleo Estatal<\/strong>&nbsp;(SEPE, conocido anteriormente con el INEM). Para cualquier tr\u00e1mite necesitas pedir tu <strong>cita previa, <\/strong>una vez hecho esto puedes acudir a las oficinas de este organismo.<\/p>\n\n\n\n<h2 class=\"wp-block-heading\">\u00bfQu\u00e9 gestiones requieren la solicitud de una cita previa con el SEPE?<\/h2>\n\n\n\n<p>Existen tr\u00e1mites que pueden ser gestionados por los gestores del SEPE, pero necesitas solicitar una cita previa con ellos. Los tr\u00e1mites m\u00e1s destacados y gestionados por medio de citas son:<\/p>\n\n\n\n<ul class=\"wp-block-list\"><li>Dar de baja una prestaci\u00f3n \u00f3 salida al extranjero.<\/li><li>Cobros indebidos, sanciones.<\/li><li>Entrega de partes de baja por Maternidad\/Paternidad e IT.<\/li><li>Entrega de cualquier documentaci\u00f3n que requiera el SEPE.<\/li><li>Solicitudes de las prestaciones contributivas (el paro) y no contributivas (subsidios).<\/li><li>Modificaciones de los datos bancarios.<\/li><li>Consultar e informaci\u00f3n sobre las prestaciones por desempleo.<\/li><li>Otro tipo de gestiones.<\/li><\/ul>\n\n\n\n<h2 class=\"wp-block-heading\">Detalles importantes antes de tu cita con el SEPE<\/h2>\n\n\n\n<p>Antes de solicitar una cita previa en las oficinas del SEPE debes tener presente lo siguiente:<\/p>\n\n\n\n<ul class=\"wp-block-list\"><li>Si vas a realizar gestiones o tr\u00e1mites asociados a prestaciones o ayudas por desempleo, debes estar dado de alta como un demandante de empleo. Esto puedes hacerlo en las oficinas de empleo de tu respectiva comunidad aut\u00f3noma.<\/li><li>A trav\u00e9s de la&nbsp;Sede Electr\u00f3nica, puedes realizar los tr\u00e1mites y gestiones disponibles por cita previa en el SEPE.<\/li><li>Puedes llenar un formulario de pre-solicitud del SEPE que te permitir\u00e1 solicitar algunas gestiones por internet con el SEPE&nbsp;sin contar con certificado digital.<\/li><\/ul>\n\n\n\n<h2 class=\"wp-block-heading\">\u00bfC\u00f3mo pedir una cita previa en las oficinas del SEPE?<\/h2>\n\n\n\n<p>Como sucede con otros organismos, puedes gestionar y pedir tu cita previa con el SEPE a trav\u00e9s de los siguientes canales:<\/p>\n\n\n\n<ul class=\"wp-block-list\"><li>A trav\u00e9s de<strong>&nbsp;internet.<\/strong><\/li><li>De forma&nbsp;<strong>telef\u00f3nica<\/strong>.<\/li><\/ul>\n\n\n\n<h3 class=\"wp-block-heading\">Cita previa en el SEPE por tel\u00e9fono<\/h3>\n\n\n\n<p>Este n\u00famero est\u00e1 disponible las 24 horas del d\u00eda y corresponde al <strong>centro de atenci\u00f3n del SEPE<\/strong>: 912738384. Al realizar la llamada debes seguir los siguientes pasos:<\/p>\n\n\n\n<ol class=\"wp-block-list\" type=\"1\"><li>Despu\u00e9s del mensaje de bienvenida, te solicitar\u00e1n tus <strong>datos personales<\/strong>:<\/li><\/ol>\n\n\n\n<ol class=\"wp-block-list\" type=\"1\"><li>C\u00f3digo postal.<\/li><li>Gesti\u00f3n de inter\u00e9s.<\/li><li>Te pedir\u00e1n una manera de identificarte NIF\/NIE y que marques su n\u00famero de identificaci\u00f3n. Esto lo har\u00e1s pulsando los 8 d\u00edgitos pulsando el teclado num\u00e9rico del tel\u00e9fono.<\/li><li>Despu\u00e9s de seguir estos pasos, te asignar\u00e1n fecha y hora disponible para tu cita previa. Ten presente que tendr\u00e1s posibilidad de cambio en el momento de la solicitud.<\/li><\/ol>\n\n\n\n<h4 class=\"wp-block-heading\">\u00bfPuedo gestionar mi cita previa llamando a las oficinas provinciales del SEPE?<\/h4>\n\n\n\n<p>Es posible llamar a la oficina de tu provincia para solicitar una cita previa. A continuaci\u00f3n, incluimos una lista de los n\u00fameros de tel\u00e9fono de las oficinas de la provincia del SEPE:<\/p>\n\n\n\n<p>Tabla Tel\u00e9fonos<\/p>\n\n\n\n<h4 class=\"wp-block-heading\">\u00bfEs posible anular o cancelar mi cita con el SEPE por tel\u00e9fono?<\/h4>\n\n\n\n<p>No es posible. Al pedir una cita por v\u00eda telef\u00f3nica no puedes anularla o cancelarla. Esto solo puedes gestionarlo por internet.<\/p>\n\n\n\n<h3 class=\"wp-block-heading\">Cita Previa en el SEPE por internet<\/h3>\n\n\n\n<p>Es posible gestionar y solicitar tu cita previa con el SEPE online. Los pasos a seguir son los siguientes:<\/p>\n\n\n\n<ol class=\"wp-block-list\" type=\"1\"><li>Ingresa primero a la Sede Electr\u00f3nica para la solicitud de la cita e introduce tus<strong>\u00a0datos personales<\/strong>:<\/li><\/ol>\n\n\n\n<ol class=\"wp-block-list\" type=\"1\"><li>Tu c\u00f3digo postal; esto permitir\u00e1 localizar la oficina m\u00e1s cercana para asignar tu cita a ella.<\/li><li>Tu identificaci\u00f3n o NIF\/NIE en el caso de los extranjeros.<\/li><li>Selecciona el&nbsp;<strong>tipo de tr\u00e1mite<\/strong>. En este caso tienes disponibles las siguientes opciones:<\/li><li>Presentaci\u00f3n de partes de baja de IT y Maternidad o Paternidad.<\/li><li>Entrega de documentos solicitados por el SEPE.<\/li><li>Baja de prestaci\u00f3n. Salida al extranjero.<\/li><li>Solicitudes de prestaciones contributivas y subsidios.<\/li><li>Modificaci\u00f3n de datos bancarios.<\/li><li>Informaci\u00f3n y consulta de prestaciones.<\/li><li>Otras gestiones.<\/li><\/ol>\n\n\n\n<ol class=\"wp-block-list\" type=\"1\" start=\"3\"><li>Despu\u00e9s de elegir la gesti\u00f3n es necesario que introduzcas el&nbsp;<strong>c\u00f3digo de seguridad&nbsp;<\/strong>para luego clicar en&nbsp;<strong>\u00abAceptar\u00bb.<\/strong><\/li><li>El sistema te ofrecer\u00e1 un d\u00eda y hora para la cita en la oficina del SEPE, si te parece bien, solo tienes que confirmarlo para recibir un n\u00famero de referencia. No puedes solicitar cambio de fecha en la cita ya que el sistema siempre te asignar\u00e1 el primer d\u00eda disponible. Al terminar, el sistema te entregar\u00e1 un <strong>n\u00famero de referencia<\/strong>.<\/li><li><strong>Asiste a la oficina SEPE asignada el d\u00eda y la hora indicados por el sistema.<\/strong><\/li><\/ol>\n\n\n\n<h4 class=\"wp-block-heading\">\u00bfPuedo anular mi cita con el SEPE por internet?<\/h4>\n\n\n\n<p>Si tienes alg\u00fan impedimento para asistir a la cita, puedes anularla por internet con solo seguir los siguientes pasos:<\/p>\n\n\n\n<p>Accede a la<strong> Sede Electr\u00f3nica para la anulaci\u00f3n<\/strong>&nbsp;y sigue estos pasos:<\/p>\n\n\n\n<ol class=\"wp-block-list\" type=\"1\"><li>Ingresa a la opci\u00f3n de \u00abAnulaci\u00f3n de cita\u00bb. Introduce tus datos personales y c\u00f3digo de seguridad:<\/li><li>Introduce tus documentos de identidad; DNI o NIE.<\/li><li>Introduce el d\u00eda, mes y a\u00f1o de tu cita programada en el formato (d\u00eda\/mes\/a\u00f1o).<\/li><li>Clica en el c\u00f3digo de seguridad.<\/li><li>Clica en el bot\u00f3n que dice: \u00abAnular\u00bb.<\/li><li>Confirma la anulaci\u00f3n una vez que compruebes que los datos que has introducido son correctos.&nbsp;<\/li><\/ol>\n\n\n\n<h2 class=\"wp-block-heading\">\u00bfPuede ir otra persona por m\u00ed si no puedo asistir a la cita?<\/h2>\n\n\n\n<p>Es posible que otra persona acuda a tu cita si no puedes asistir, pero debe ir con una autorizaci\u00f3n tuya en la cual le das permiso para que haga los tr\u00e1mites por ti. Estos tr\u00e1mites siempre deben ser relacionados contigo, pues la cita estar\u00e1 asignada a tu n\u00famero de identidad.<\/p>\n\n\n\n<h2 class=\"wp-block-heading\">\u00bfPuedo volver a pedir Cita Previa SEPE despu\u00e9s de anular una?<\/h2>\n\n\n\n<p>S\u00ed, es posible, una vez cancelada la cita previa ya programada, podr\u00e1s pedir una nueva cita por el canal de tu preferencia: internet o llamada telef\u00f3nica.<\/p>\n\n\n\n<h2 class=\"wp-block-heading\">Cita Previa SEPE  Por Provincias<\/h2>\n\n\n\n<ul class=\"wp-block-list\"><li><a href=\"https:\/\/www.topcita.es\/albacete\/\">Cita Previa Albacete<\/a><\/li><li><a href=\"https:\/\/www.topcita.es\/alicante\/\">Cita Previa Alicante<\/a><\/li><li><a href=\"https:\/\/www.topcita.es\/almeria\/\">Cita Previa Almer\u00eda<\/a><\/li><li><a href=\"https:\/\/www.topcita.es\/araba\/\">Cita Previa \u00c1lava<\/a><\/li><li><a href=\"https:\/\/www.topcita.es\/asturias\/\">Cita Previa Asturias<\/a><\/li><li><a href=\"https:\/\/www.topcita.es\/avila\/\">Cita Previa \u00c1vila<\/a><\/li><li><a href=\"https:\/\/www.topcita.es\/badajoz\/\">Cita Previa Badajoz<\/a><\/li><li><a href=\"https:\/\/www.topcita.es\/balears-illes\/\">Cita Previa Baleares<\/a><\/li><li><a href=\"https:\/\/www.topcita.es\/bizkaia\/\">Cita Previa Bilbao<\/a><\/li><li><a href=\"https:\/\/www.topcita.es\/burgos\/\">Cita Previa Burgos<\/a><\/li><li><a href=\"https:\/\/www.topcita.es\/caceres\/\">Cita Previa C\u00e1ceres<\/a><\/li><li><a href=\"https:\/\/www.topcita.es\/cadiz\/\">Cita Previa C\u00e1diz<\/a><\/li><li><a href=\"https:\/\/www.topcita.es\/cantabria\/\">Cita Previa Cantabria<\/a><\/li><li><a href=\"https:\/\/www.topcita.es\/castellon\/\">Cita Previa Castell\u00f3n<\/a><\/li><li><a href=\"https:\/\/www.topcita.es\/ciudad-real\/\">Cita Previa Ciudad Real<\/a><\/li><li><a href=\"https:\/\/www.topcita.es\/cordoba\/\">Cita Previa C\u00f3rdoba<\/a><\/li><li><a href=\"https:\/\/www.topcita.es\/coruna-a\/\">Cita Previa A Coru\u00f1a<\/a><\/li><li><a href=\"https:\/\/www.topcita.es\/cuenca\/\">Cita Previa Cuenca<\/a><\/li><li><a href=\"https:\/\/www.topcita.es\/gipuzkoa\/donostia\/cita-previa-sepe\/\">Cita Previa Donosti San Sebasti\u00e1n<\/a><\/li><li><a href=\"https:\/\/www.topcita.es\/girona\/\">Cita Previa Girona<\/a><\/li><li><a href=\"https:\/\/www.topcita.es\/granada\/\">Cita Previa Granada<\/a><\/li><li><a href=\"https:\/\/www.topcita.es\/guadalajara\/\">Cita Previa Guadalajara<\/a><\/li><li><a href=\"https:\/\/www.topcita.es\/huelva\/\">Cita Previa Huelva<\/a><\/li><li><a href=\"https:\/\/www.topcita.es\/huesca\/\">Cita Previa Huesca<\/a><\/li><li><a href=\"https:\/\/www.topcita.es\/jaen\/\">Cita Previa Ja\u00e9n<\/a><\/li><li><a href=\"https:\/\/www.topcita.es\/leon\/\">Cita Previa Le\u00f3n<\/a><\/li><li><a href=\"https:\/\/www.topcita.es\/lleida\/\">Cita Previa Lleida<\/a><\/li><li><a href=\"https:\/\/www.topcita.es\/lugo\/\">Cita Previa Lugo<\/a><\/li><li><a href=\"https:\/\/www.topcita.es\/malaga\/\">Cita Previa M\u00e1laga<\/a><\/li><li><a href=\"https:\/\/www.topcita.es\/murcia\/\">Cita Previa Murcia<\/a><\/li><li><a href=\"https:\/\/www.topcita.es\/navarra\/\">Cita Previa Pamplona<\/a><\/li><li><a href=\"https:\/\/www.topcita.es\/palmas-las\/\">Cita Previa Las Palmas<\/a><\/li><li><a href=\"https:\/\/www.topcita.es\/pontevedra\/\">Cita Previa Vigo Pontevedra<\/a><\/li><li><a href=\"https:\/\/www.topcita.es\/rioja-la\/\">Cita Previa Logro\u00f1o &#8211; La Rioja<\/a><\/li><li><a href=\"https:\/\/www.topcita.es\/salamanca\/\">Cita Previa Salamanca<\/a><\/li><li><a href=\"https:\/\/www.topcita.es\/santa-cruz-de-tenerife\/\">Cita Previa Tenerife<\/a><\/li><li><a href=\"https:\/\/www.topcita.es\/tarragona\/\">Cita Previa Tarragona<\/a><\/li><li><a href=\"https:\/\/www.topcita.es\/toledo\/\">Cita Previa Toledo<\/a><\/li><li><a href=\"https:\/\/www.topcita.es\/valladolid\/\">Cita Previa Valladolid<\/a><\/li><\/ul>\n\n\n\n<h2 class=\"wp-block-heading\">Cita Previa SEPE m\u00e1s visitadas<\/h2>\n\n\n\n<p>Estas son las ciudades y capitales de provincia mas buscadas de las delegaciones del SEPE por lo que la espera para la cita previa puede se algo mahyor:<\/p>\n\n\n\n<ul class=\"wp-block-list\"><li><a href=\"https:\/\/www.topcita.es\/murcia\/murcia\/cita-previa-sepe\/\">Sepe Murcia Cita Previa <\/a><\/li><li><a href=\"https:\/\/www.topcita.es\/valencia\/valencia\/cita-previa-sepe\/\">SEPE Valencia<\/a> Pedir Cita Previa<\/li><li><a href=\"https:\/\/www.topcita.es\/alicante\/alicante\/cita-previa-sepe\/\">SEPE Alicante Cita Previa <\/a>para prestaciones<\/li><li><a href=\"https:\/\/www.topcita.es\/palmas-las\/palmas-de-gran-canaria-las\/cita-previa-sepe\/\">SEPE Las Palmas<\/a> tramitar Paro y ayudas <\/li><li><a href=\"https:\/\/www.topcita.es\/valladolid\/valladolid\/cita-previa-sepe\/\">Cita Previa SEPE Valladolid <\/a>Subsidios y desempleo<\/li><li><a href=\"https:\/\/www.topcita.es\/toledo\/toledo\/cita-previa-sepe\/\">Cita Sepe Toledo Tr\u00e1mites paro y Ertes<\/a> <\/li><\/ul>\n","protected":false},"excerpt":{"rendered":"<p>El Sepe (Servicio P\u00fablico Estatal de Empleo) es un Organismo P\u00fablico que depende del Ministerio de Trabajo En Espa\u00f1a y es el equivalente al antiguo INEM &#8211; Instituto Nacional de Empleo hasta el a\u00f1o 2.003. El Sepe est\u00e1 organizado en unos Sevicios centralizados en Madrid y 52 direcciones provinciales con el apoyo de una red &#8230; <a title=\"Cita Previa Sepe\" class=\"read-more\" href=\"https:\/\/www.topcita.es\/blog\/cita-previa-sepe\/\" aria-label=\"M\u00e1s en Cita Previa Sepe\">Leer m\u00e1s<\/a><\/p>\n","protected":false},"author":1,"featured_media":0,"parent":0,"menu_order":0,"comment_status":"closed","ping_status":"closed","template":"","meta":{"footnotes":""},"class_list":["post-10","page","type-page","status-publish"],"yoast_head":"<!-- This site is optimized with the Yoast SEO plugin v20.13 - https:\/\/yoast.com\/wordpress\/plugins\/seo\/ -->\n<title>Cita Previa Sepe - TopCita.es<\/title>\n<meta name=\"description\" content=\"Como solicitar Cita Previa en el SEPE (antiguo INEM) para prestaciones y ayudas del paro, desempleo y ertes con tel\u00e9fono.\" \/>\n<meta name=\"robots\" content=\"index, follow, max-snippet:-1, max-image-preview:large, max-video-preview:-1\" \/>\n<link rel=\"canonical\" href=\"https:\/\/www.topcita.es\/blog\/cita-previa-sepe\/\" \/>\n<meta property=\"og:locale\" content=\"es_ES\" \/>\n<meta property=\"og:type\" content=\"article\" \/>\n<meta property=\"og:title\" content=\"Cita Previa Sepe - TopCita.es\" \/>\n<meta property=\"og:description\" content=\"Como solicitar Cita Previa en el SEPE (antiguo INEM) para prestaciones y ayudas del paro, desempleo y ertes con tel\u00e9fono.\" \/>\n<meta property=\"og:url\" content=\"https:\/\/www.topcita.es\/blog\/cita-previa-sepe\/\" \/>\n<meta property=\"og:site_name\" content=\"TopCita.es\" \/>\n<meta property=\"article:modified_time\" content=\"2022-06-02T14:44:40+00:00\" \/>\n<meta property=\"og:image\" content=\"https:\/\/www.topcita.es\/blog\/wp-content\/uploads\/2021\/07\/cita-previa-sepe.jpg\" \/>\n<meta name=\"twitter:card\" content=\"summary_large_image\" \/>\n<meta name=\"twitter:label1\" content=\"Tiempo de lectura\" \/>\n\t<meta name=\"twitter:data1\" content=\"7 minutos\" \/>\n<script type=\"application\/ld+json\" class=\"yoast-schema-graph\">{\"@context\":\"https:\/\/schema.org\",\"@graph\":[{\"@type\":\"WebPage\",\"@id\":\"https:\/\/www.topcita.es\/blog\/cita-previa-sepe\/\",\"url\":\"https:\/\/www.topcita.es\/blog\/cita-previa-sepe\/\",\"name\":\"Cita Previa Sepe - TopCita.es\",\"isPartOf\":{\"@id\":\"https:\/\/www.topcita.es\/blog\/#website\"},\"datePublished\":\"2021-07-10T12:54:59+00:00\",\"dateModified\":\"2022-06-02T14:44:40+00:00\",\"description\":\"Como solicitar Cita Previa en el SEPE (antiguo INEM) para prestaciones y ayudas del paro, desempleo y ertes con tel\u00e9fono.\",\"breadcrumb\":{\"@id\":\"https:\/\/www.topcita.es\/blog\/cita-previa-sepe\/#breadcrumb\"},\"inLanguage\":\"es\",\"potentialAction\":[{\"@type\":\"ReadAction\",\"target\":[\"https:\/\/www.topcita.es\/blog\/cita-previa-sepe\/\"]}]},{\"@type\":\"BreadcrumbList\",\"@id\":\"https:\/\/www.topcita.es\/blog\/cita-previa-sepe\/#breadcrumb\",\"itemListElement\":[{\"@type\":\"ListItem\",\"position\":1,\"name\":\"Portada\",\"item\":\"https:\/\/www.topcita.es\/blog\/\"},{\"@type\":\"ListItem\",\"position\":2,\"name\":\"Cita Previa Sepe\"}]},{\"@type\":\"WebSite\",\"@id\":\"https:\/\/www.topcita.es\/blog\/#website\",\"url\":\"https:\/\/www.topcita.es\/blog\/\",\"name\":\"TopCita.es\",\"description\":\"El mejor portal para pedir citas con la administraci\u00f3n\",\"potentialAction\":[{\"@type\":\"SearchAction\",\"target\":{\"@type\":\"EntryPoint\",\"urlTemplate\":\"https:\/\/www.topcita.es\/blog\/?s={search_term_string}\"},\"query-input\":\"required name=search_term_string\"}],\"inLanguage\":\"es\"}]}<\/script>\n<!-- \/ Yoast SEO plugin. -->","yoast_head_json":{"title":"Cita Previa Sepe - TopCita.es","description":"Como solicitar Cita Previa en el SEPE (antiguo INEM) para prestaciones y ayudas del paro, desempleo y ertes con tel\u00e9fono.","robots":{"index":"index","follow":"follow","max-snippet":"max-snippet:-1","max-image-preview":"max-image-preview:large","max-video-preview":"max-video-preview:-1"},"canonical":"https:\/\/www.topcita.es\/blog\/cita-previa-sepe\/","og_locale":"es_ES","og_type":"article","og_title":"Cita Previa Sepe - TopCita.es","og_description":"Como solicitar Cita Previa en el SEPE (antiguo INEM) para prestaciones y ayudas del paro, desempleo y ertes con tel\u00e9fono.","og_url":"https:\/\/www.topcita.es\/blog\/cita-previa-sepe\/","og_site_name":"TopCita.es","article_modified_time":"2022-06-02T14:44:40+00:00","og_image":[{"url":"https:\/\/www.topcita.es\/blog\/wp-content\/uploads\/2021\/07\/cita-previa-sepe.jpg"}],"twitter_card":"summary_large_image","twitter_misc":{"Tiempo de lectura":"7 minutos"},"schema":{"@context":"https:\/\/schema.org","@graph":[{"@type":"WebPage","@id":"https:\/\/www.topcita.es\/blog\/cita-previa-sepe\/","url":"https:\/\/www.topcita.es\/blog\/cita-previa-sepe\/","name":"Cita Previa Sepe - TopCita.es","isPartOf":{"@id":"https:\/\/www.topcita.es\/blog\/#website"},"datePublished":"2021-07-10T12:54:59+00:00","dateModified":"2022-06-02T14:44:40+00:00","description":"Como solicitar Cita Previa en el SEPE (antiguo INEM) para prestaciones y ayudas del paro, desempleo y ertes con tel\u00e9fono.","breadcrumb":{"@id":"https:\/\/www.topcita.es\/blog\/cita-previa-sepe\/#breadcrumb"},"inLanguage":"es","potentialAction":[{"@type":"ReadAction","target":["https:\/\/www.topcita.es\/blog\/cita-previa-sepe\/"]}]},{"@type":"BreadcrumbList","@id":"https:\/\/www.topcita.es\/blog\/cita-previa-sepe\/#breadcrumb","itemListElement":[{"@type":"ListItem","position":1,"name":"Portada","item":"https:\/\/www.topcita.es\/blog\/"},{"@type":"ListItem","position":2,"name":"Cita Previa Sepe"}]},{"@type":"WebSite","@id":"https:\/\/www.topcita.es\/blog\/#website","url":"https:\/\/www.topcita.es\/blog\/","name":"TopCita.es","description":"El mejor portal para pedir citas con la administraci\u00f3n","potentialAction":[{"@type":"SearchAction","target":{"@type":"EntryPoint","urlTemplate":"https:\/\/www.topcita.es\/blog\/?s={search_term_string}"},"query-input":"required name=search_term_string"}],"inLanguage":"es"}]}},"_links":{"self":[{"href":"https:\/\/www.topcita.es\/blog\/wp-json\/wp\/v2\/pages\/10","targetHints":{"allow":["GET"]}}],"collection":[{"href":"https:\/\/www.topcita.es\/blog\/wp-json\/wp\/v2\/pages"}],"about":[{"href":"https:\/\/www.topcita.es\/blog\/wp-json\/wp\/v2\/types\/page"}],"author":[{"embeddable":true,"href":"https:\/\/www.topcita.es\/blog\/wp-json\/wp\/v2\/users\/1"}],"replies":[{"embeddable":true,"href":"https:\/\/www.topcita.es\/blog\/wp-json\/wp\/v2\/comments?post=10"}],"version-history":[{"count":12,"href":"https:\/\/www.topcita.es\/blog\/wp-json\/wp\/v2\/pages\/10\/revisions"}],"predecessor-version":[{"id":178,"href":"https:\/\/www.topcita.es\/blog\/wp-json\/wp\/v2\/pages\/10\/revisions\/178"}],"wp:attachment":[{"href":"https:\/\/www.topcita.es\/blog\/wp-json\/wp\/v2\/media?parent=10"}],"curies":[{"name":"wp","href":"https:\/\/api.w.org\/{rel}","templated":true}]}}