{"id":105,"date":"2021-08-27T10:17:44","date_gmt":"2021-08-27T10:17:44","guid":{"rendered":"https:\/\/www.topcita.es\/blog\/?page_id=105"},"modified":"2022-06-12T11:11:57","modified_gmt":"2022-06-12T11:11:57","slug":"cita-previa-aeat-hacienda","status":"publish","type":"page","link":"https:\/\/www.topcita.es\/blog\/cita-previa-aeat-hacienda\/","title":{"rendered":"Cita Previa AEAT"},"content":{"rendered":"\n<p>Es normal pensar que solicitar un certificado o asistir a las oficinas de la Aeat &#8211; Hacienda por un tr\u00e1mite en espec\u00edfico puede llevarnos tiempo o ser complicado, pero lo cierto es que, si quieres ser atendido en Hacienda, todo lo que tienes que hacer es gestionar tu cita previa con ellos.<\/p>\n\n\n\n<p>Debes tener presente que algunos tr\u00e1mites no requieren cita previa, estos te los daremos a conocer, junto con los pasos necesarios para solicitar tu <a href=\"https:\/\/www.agenciatributaria.gob.es\/AEAT.sede\/procedimientoini\/GC29.shtml\">cita previa con Hacienda<\/a>. Tambi\u00e9n queremos recordarte que esta cita previa no es la misma cita para presentar la renta.<\/p>\n\n\n\n<figure class=\"wp-block-gallery has-nested-images columns-default is-cropped wp-block-gallery-1 is-layout-flex wp-block-gallery-is-layout-flex\">\n<figure class=\"wp-block-image size-large\"><img loading=\"lazy\" decoding=\"async\" width=\"847\" height=\"404\" data-id=\"107\" src=\"https:\/\/www.topcita.es\/blog\/wp-content\/uploads\/2021\/08\/cita-previa-aeat.jpg\" alt=\"Cita Previa online aeat hacienda\" class=\"wp-image-107\" srcset=\"https:\/\/www.topcita.es\/blog\/wp-content\/uploads\/2021\/08\/cita-previa-aeat.jpg 847w, https:\/\/www.topcita.es\/blog\/wp-content\/uploads\/2021\/08\/cita-previa-aeat-300x143.jpg 300w, https:\/\/www.topcita.es\/blog\/wp-content\/uploads\/2021\/08\/cita-previa-aeat-768x366.jpg 768w\" sizes=\"auto, (max-width: 847px) 100vw, 847px\" \/><\/figure>\n<\/figure>\n\n\n\n<h2 class=\"wp-block-heading\">\u00bfQu\u00e9 tramites no requieren que solicites cita previa con la AEAT Hacienda?<\/h2>\n\n\n\n<p>Existen algunas gestiones que no requieren la gesti\u00f3n de una <a href=\"https:\/\/www.topcita.es\/madrid\/\">cita previa con Hacienda<\/a>. En la siguiente lista puedes consultarlas:<\/p>\n\n\n\n<ul class=\"wp-block-list\"><li>Entrega de declaraciones (excepto para los modelos 036\/037).<\/li><li>Recogida de notificaciones \/ Suscripci\u00f3n servicio de avisos.<\/li><li>Presentaci\u00f3n de documentos en el Registro.<\/li><li>Solicitud del N\u00famero de Identificaci\u00f3n Fiscal para personas F\u00edsicas. Si vas a solicitar como Persona Jur\u00eddica, debes pedir cita con el NIF de la persona interesada en solicitarlo.<\/li><li>Obtenci\u00f3n de cartas de pago.<\/li><\/ul>\n\n\n\n<p>Si necesitas realizar tr\u00e1mites con Hacienda diferentes a los mencionados anteriormente, debes pedir cita previa.<\/p>\n\n\n\n<h2 class=\"wp-block-heading\">\u00bfC\u00f3mo se gestiona la cita previa con la Hacienda?<\/h2>\n\n\n\n<p>Puedes hacer la solicitud de tu cita previa con la Agencia Tributaria a trav\u00e9s de diferentes canales. Elige el que mejor se adapte a ti y tus necesidades:<\/p>\n\n\n\n<ul class=\"wp-block-list\"><li>A trav\u00e9s de tel\u00e9fono.<\/li><li><a href=\"https:\/\/www2.agenciatributaria.gob.es\/wlpl\/TOCP-MUTE\/Identificacion\">Por internet<\/a>.<\/li><\/ul>\n\n\n\n<p>No importa la opci\u00f3n que elijas, ambas son r\u00e1pidas y muy c\u00f3modas. Solo debes seguir las indicaciones de la operadora o la p\u00e1gina web y listo.<\/p>\n\n\n\n<h2 class=\"wp-block-heading\">\u00bfC\u00f3mo pedir cita previa con Aeat Hacienda por tel\u00e9fono?<\/h2>\n\n\n\n<p>Puedes llamar a diferentes n\u00fameros de tel\u00e9fono con el fin de gestionar tu cita previa general con Hacienda:<\/p>\n\n\n\n<ul class=\"wp-block-list\"><li>901200351.<\/li><li>912901340.<\/li><\/ul>\n\n\n\n<p>Ambos n\u00fameros cuentan con un horario de atenci\u00f3n de lunes a viernes desde las 9 hasta las 19 horas. Durante agosto, el horario es de 9 hasta las 15 horas. Estos n\u00fameros no est\u00e1n habilitados para gestionar la cita previa de la campa\u00f1a de la renta.<\/p>\n\n\n\n<h2 class=\"wp-block-heading\">\u00bfC\u00f3mo pedir cita previa con Hacienda por internet?<\/h2>\n\n\n\n<p>Si consideras que es m\u00e1s sencillo puedes solicitar tu cita previa a trav\u00e9s de internet. Para hacerlo debes ingresar al portal web de la Agencia Tributaria y en \u00e9l seguir estos pasos:<\/p>\n\n\n\n<ol class=\"wp-block-list\" type=\"1\"><li>Accede al servicio de cita previa que se encuentra en el apartado \u00abContacte con nosotros\u00bb o a trav\u00e9s del banner identificado como \u00abCITA PREVIA\u00bb.<\/li><li>Al hacer clic aparecer\u00e1 una pantalla donde deber\u00e1s clicar en \u00abSolicitud de cita previa\u00bb.<\/li><li>Se abrir\u00e1 una nueva pesta\u00f1a donde pedir\u00e1n los datos de tu DNI, apellidos y nombre. Al terminar de llenar los datos, debes clicar en \u00abEnviar\u00bb.<\/li><li>Llegar\u00e1s a una nueva p\u00e1gina donde te pedir\u00e1n identificar si la cita que deseas solicitar se debe a:<\/li><\/ol>\n\n\n\n<p><strong>La recepci\u00f3n de una notificaci\u00f3n:<\/strong> si este es el caso, tienes que introducir el C\u00f3digo Seguro de Verificaci\u00f3n CSV y clicar donde reza \u00abSolicitar cita con CSV\u00bb. Aparecer\u00e1 el procedimiento relacionado con la notificaci\u00f3n y la oficina que lo tramitar\u00e1. Puedes cambiarlo si lo deseas. Para finalizar solo debes clicar en \u00abEnviar\u00bb.<\/p>\n\n\n\n<p><strong>Sin notificaci\u00f3n:<\/strong> solo debes seleccionar el servicio o procedimiento por el que est\u00e1s solicitando la cita. Si no identificas el servicio que necesitas, puedes colocar el cursor sobre el \u00edcono de interrogaci\u00f3n de cada servicio para obtener m\u00e1s informaci\u00f3n y elegir el adecuado. Esta opci\u00f3n tambi\u00e9n te permite seleccionar si deseas que te env\u00eden la cita por SMS o por correo electr\u00f3nico. Para terminar, solo tienes que clicar en \u00abSolicitar cita\u00bb, elige la oficina de la Agencia Tributaria a la que deseas ir e indicar tu provincia. Terminado esto, solo tienes que clicar en \u00abEnviar\u00bb.<\/p>\n\n\n\n<ul class=\"wp-block-list\"><li>Aparecer\u00e1 una nueva pantalla que te pedir\u00e1 elegir el d\u00eda y la hora de tu cita. Elige la que m\u00e1s te convenga y clica en \u00abEnviar\u00bb.<\/li><li>Posteriormente aparecer\u00e1 un mensaje indicado que la solicitud de cita previa se ha realizado de manera correcta, en el mensaje se indicar\u00e1 la oficina, el d\u00eda y la hora. Comprueba que sean los datos correctos y la documentaci\u00f3n que debes llevar ese d\u00eda.<\/li><\/ul>\n\n\n\n<h2 class=\"wp-block-heading\">\u00bfC\u00f3mo modificar o anular tu cita previa con la Aeat Hacienda?<\/h2>\n\n\n\n<p>Si quieres modificar o anular tu cita con Hacienda, solo tienes que entrar a la web y seguir los mismos pasos mencionados anteriormente, debes identificarte con tu DNI, apellidos y nombre, de esa forma el sistema te identificar\u00e1 y localizar\u00e1 tu cita previa ya concertada. En ese momento la pantalla te ofrecer\u00e1 las siguientes opciones:<\/p>\n\n\n\n<ul class=\"wp-block-list\"><li>Anular cita.<\/li><li>Modificar cita.<\/li><li>Gestionar una nueva cita para otro tr\u00e1mite.<\/li><\/ul>\n\n\n\n<p>Tanto si eliges la anulaci\u00f3n o la modificaci\u00f3n, solo tienes que segui los pasos que te indique la p\u00e1gina.<\/p>\n\n\n\n<h2 class=\"wp-block-heading\">\u00bfCu\u00e1les son los n\u00fameros de atenci\u00f3n telef\u00f3nica de la Agencia Tributaria?<\/h2>\n\n\n\n<p>Puedes comunicarte a diversos n\u00fameros de la Agencia Tributaria para acceder a diferentes servicios. A continuaci\u00f3n, te presentamos cada uno de ellos y los servicios que ofrecen:<\/p>\n\n\n\n<h3 class=\"wp-block-heading\">Informaci\u00f3n Tributaria B\u00e1sica<\/h3>\n\n\n\n<p>Puedes llamar al 901335533 o acceder al servicio a trav\u00e9s del 915548770 con un horario de atenci\u00f3n de lunes a viernes desde las 9 hasta las 19 horas. En agosto trabajan hasta las 15 horas.<\/p>\n\n\n\n<p>Desde estos n\u00fameros pueden facilitarte informaci\u00f3n sobre temas tributarios y aduaneros, impuestos y programas inform\u00e1ticos para las declaraciones.<\/p>\n\n\n\n<h3 class=\"wp-block-heading\">Cita Previa General<\/h3>\n\n\n\n<p>Puedes llamar a los n\u00fameros 901200351 o 912901340 dentro del horario de 9 a 19 horas de lunes a viernes. Recuerda que en agosto trabajan hasta las 15 horas.<\/p>\n\n\n\n<p>En este n\u00famero te ofrecer\u00e1n el servicio de solicitud de cita previa en servicios generales. No es v\u00e1lida para campa\u00f1a de renta.<\/p>\n\n\n\n<h3 class=\"wp-block-heading\">Asistencia para servicios de gesti\u00f3n<\/h3>\n\n\n\n<p>Para pedir asistencia al servicio de gesti\u00f3n (como la solicitud de Ayuda a Madres Trabajadoras) puedes llamar al n\u00famero 901200345 o al 915356813 en el horario de atenci\u00f3n de 9 a 14 horas de lunes a viernes.<\/p>\n\n\n\n<h3 class=\"wp-block-heading\">Asistencia sobre deudas y recaudaci\u00f3n<\/h3>\n\n\n\n<p>Si necesitas asistencia sobre deudas y recaudaci\u00f3n, puedes llamar al n\u00famero 901200350 o al 915536801 en el horario de 9 a 14 horas de lunes a viernes.<\/p>\n\n\n\n<h2 class=\"wp-block-heading\">Cita Previa Aeat Por provincias:<\/h2>\n\n\n\n<ul class=\"wp-block-list\"><li><a href=\"https:\/\/www.topcita.es\/barcelona\/barcelona\/cita-previa-hacienda\/\">Cita Previa Hacienda Barcelona<\/a><\/li><li><a href=\"https:\/\/www.topcita.es\/bizkaia\/bilbao\/cita-previa-hacienda\/\">Cita Previa Aeat Bilbao<\/a><\/li><li><a href=\"https:\/\/www.topcita.es\/madrid\/madrid\/cita-previa-hacienda\/\">Cita Previa Hacienda Madrid<\/a><\/li><li><a href=\"https:\/\/www.topcita.es\/valladolid\/valladolid\/cita-previa-hacienda\/\">Cita Previa Hacienda Valladolid<\/a><\/li><li><\/li><\/ul>\n\n\n\n<ul class=\"wp-block-list\"><li><a href=\"https:\/\/www.topcita.es\/albacete\/\">Cita Previa AEAT Hacienda Albacete<\/a><\/li><li><a href=\"https:\/\/www.topcita.es\/alicante\/\">Cita Previa AEAT Hacienda Alicante<\/a><\/li><li><a href=\"https:\/\/www.topcita.es\/almeria\/\">Cita Previa AEAT Hacienda Almer\u00eda<\/a><\/li><li><a href=\"https:\/\/www.topcita.es\/araba\/\">Cita Previa AEAT Hacienda \u00c1lava<\/a><\/li><li><a href=\"https:\/\/www.topcita.es\/asturias\/\">Cita Previa AEAT Hacienda Asturias<\/a><\/li><li><a href=\"https:\/\/www.topcita.es\/avila\/\">Cita Previa AEAT Hacienda \u00c1vila<\/a><\/li><li><a href=\"https:\/\/www.topcita.es\/badajoz\/\">Cita Previa AEAT Hacienda Badajoz<\/a><\/li><li><a href=\"https:\/\/www.topcita.es\/balears-illes\/\">Cita Previa AEAT Hacienda Baleares<\/a><\/li><li><a href=\"https:\/\/www.topcita.es\/bizkaia\/\">Cita Previa AEAT Hacienda Bilbao<\/a><\/li><li><a href=\"https:\/\/www.topcita.es\/burgos\/\">Cita Previa AEAT Hacienda Burgos<\/a><\/li><li><a href=\"https:\/\/www.topcita.es\/caceres\/\">Cita Previa AEAT Hacienda C\u00e1ceres<\/a><\/li><li><a href=\"https:\/\/www.topcita.es\/cadiz\/\">Cita Previa AEAT Hacienda C\u00e1diz<\/a><\/li><li><a href=\"https:\/\/www.topcita.es\/cantabria\/\">Cita Previa AEAT Hacienda Cantabria<\/a><\/li><li><a href=\"https:\/\/www.topcita.es\/castellon\/\">Cita Previa AEAT Hacienda Castell\u00f3n<\/a><\/li><li><a href=\"https:\/\/www.topcita.es\/ciudad-real\/\">Cita Previa AEAT Hacienda Ciudad Real<\/a><\/li><li><a href=\"https:\/\/www.topcita.es\/cordoba\/\">Cita Previa AEAT Hacienda C\u00f3rdoba<\/a><\/li><li><a href=\"https:\/\/www.topcita.es\/coruna-a\/\">Cita Previa AEAT Hacienda A Coru\u00f1a<\/a><\/li><li><a href=\"https:\/\/www.topcita.es\/cuenca\/\">Cita Previa AEAT Hacienda Cuenca<\/a><\/li><li><a href=\"https:\/\/www.topcita.es\/gipuzkoa\/\">Cita Previa AEAT Hacienda Donosti San Sebasti\u00e1n<\/a><\/li><li><a href=\"https:\/\/www.topcita.es\/girona\/\">Cita PreviaAEAT Hacienda Girona<\/a><\/li><li><a href=\"https:\/\/www.topcita.es\/granada\/\">Cita Previa AEAT Hacienda Granada<\/a><\/li><li><a href=\"https:\/\/www.topcita.es\/guadalajara\/\">Cita Previa AEAT Hacienda Guadalajara<\/a><\/li><li><a href=\"https:\/\/www.topcita.es\/huelva\/\">Cita Previa AEAT Hacienda Huelva<\/a><\/li><li><a href=\"https:\/\/www.topcita.es\/huesca\/\">Cita Previa AEAT Hacienda Huesca<\/a><\/li><li><a href=\"https:\/\/www.topcita.es\/jaen\/\">Cita Previa AEAT Hacienda Ja\u00e9n<\/a><\/li><li><a href=\"https:\/\/www.topcita.es\/leon\/\">Cita Previa AEAT Hacienda Le\u00f3n<\/a><\/li><li><a href=\"https:\/\/www.topcita.es\/lleida\/\">Cita Previa AEAT Hacienda Lleida<\/a><\/li><li><a href=\"https:\/\/www.topcita.es\/lugo\/\">Cita Previa AEAT Hacienda Lugo<\/a><\/li><li><a href=\"https:\/\/www.topcita.es\/malaga\/\">Cita Previa AEAT Hacienda M\u00e1laga<\/a><\/li><li><a href=\"https:\/\/www.topcita.es\/murcia\/\">Cita Previa AEAT Hacienda Murcia<\/a><\/li><li><a href=\"https:\/\/www.topcita.es\/navarra\/\">Cita Previa AEAT Hacienda  Pamplona<\/a><\/li><li><a href=\"https:\/\/www.topcita.es\/palmas-las\/\">Cita Previa AEAT Hacienda Las Palmas<\/a><\/li><li><a href=\"https:\/\/www.topcita.es\/pontevedra\/\">Cita Previa AEAT Hacienda Vigo Pontevedra<\/a><\/li><li><a href=\"https:\/\/www.topcita.es\/rioja-la\/\">Cita Previa AEAT Hacienda Logro\u00f1o &#8211; La Rioja<\/a><\/li><li><a href=\"https:\/\/www.topcita.es\/salamanca\/\">Cita Previa AEAT Hacienda Salamanca<\/a><\/li><li><a href=\"https:\/\/www.topcita.es\/santa-cruz-de-tenerife\/\">Cita Previa AEAT Hacienda Tenerife<\/a><\/li><li><a href=\"https:\/\/www.topcita.es\/tarragona\/\">Cita Previa AEAT Hacienda Tarragona<\/a><\/li><li><a href=\"https:\/\/www.topcita.es\/toledo\/\">Cita Previa AEAT Hacienda Toledo<\/a><\/li><li><a href=\"https:\/\/www.topcita.es\/valladolid\/\">Cita Previa AEAT Hacienda Valladolid<\/a><\/li><\/ul>\n","protected":false},"excerpt":{"rendered":"<p>Es normal pensar que solicitar un certificado o asistir a las oficinas de la Aeat &#8211; Hacienda por un tr\u00e1mite en espec\u00edfico puede llevarnos tiempo o ser complicado, pero lo cierto es que, si quieres ser atendido en Hacienda, todo lo que tienes que hacer es gestionar tu cita previa con ellos. Debes tener presente &#8230; <a title=\"Cita Previa AEAT\" class=\"read-more\" href=\"https:\/\/www.topcita.es\/blog\/cita-previa-aeat-hacienda\/\" aria-label=\"M\u00e1s en Cita Previa AEAT\">Leer m\u00e1s<\/a><\/p>\n","protected":false},"author":1,"featured_media":0,"parent":0,"menu_order":0,"comment_status":"closed","ping_status":"closed","template":"","meta":{"footnotes":""},"class_list":["post-105","page","type-page","status-publish"],"yoast_head":"<!-- This site is optimized with the Yoast SEO plugin v20.13 - https:\/\/yoast.com\/wordpress\/plugins\/seo\/ -->\n<title>Como Pedir Cita Previa Online en la AEAT - Hacienda | Topcita.es<\/title>\n<meta name=\"description\" content=\"Como Pedir Cita Previa Online y por tel\u00e9fono para gestiones ante la AEAT - Hacienda P\u00fablica. Para el IRPF, Renta, IVA, Consultas.\" \/>\n<meta name=\"robots\" content=\"index, follow, max-snippet:-1, max-image-preview:large, max-video-preview:-1\" \/>\n<link rel=\"canonical\" href=\"https:\/\/www.topcita.es\/blog\/cita-previa-aeat-hacienda\/\" \/>\n<meta property=\"og:locale\" content=\"es_ES\" \/>\n<meta property=\"og:type\" content=\"article\" \/>\n<meta property=\"og:title\" content=\"Como Pedir Cita Previa Online en la AEAT - Hacienda | Topcita.es\" \/>\n<meta property=\"og:description\" content=\"Como Pedir Cita Previa Online y por tel\u00e9fono para gestiones ante la AEAT - Hacienda P\u00fablica. Para el IRPF, Renta, IVA, Consultas.\" \/>\n<meta property=\"og:url\" content=\"https:\/\/www.topcita.es\/blog\/cita-previa-aeat-hacienda\/\" \/>\n<meta property=\"og:site_name\" content=\"TopCita.es\" \/>\n<meta property=\"article:modified_time\" content=\"2022-06-12T11:11:57+00:00\" \/>\n<meta property=\"og:image\" content=\"https:\/\/www.topcita.es\/blog\/wp-content\/uploads\/2021\/08\/cita-previa-aeat.jpg\" \/>\n<meta name=\"twitter:card\" content=\"summary_large_image\" \/>\n<meta name=\"twitter:label1\" content=\"Tiempo de lectura\" \/>\n\t<meta name=\"twitter:data1\" content=\"6 minutos\" \/>\n<script type=\"application\/ld+json\" class=\"yoast-schema-graph\">{\"@context\":\"https:\/\/schema.org\",\"@graph\":[{\"@type\":\"WebPage\",\"@id\":\"https:\/\/www.topcita.es\/blog\/cita-previa-aeat-hacienda\/\",\"url\":\"https:\/\/www.topcita.es\/blog\/cita-previa-aeat-hacienda\/\",\"name\":\"Como Pedir Cita Previa Online en la AEAT - Hacienda | Topcita.es\",\"isPartOf\":{\"@id\":\"https:\/\/www.topcita.es\/blog\/#website\"},\"datePublished\":\"2021-08-27T10:17:44+00:00\",\"dateModified\":\"2022-06-12T11:11:57+00:00\",\"description\":\"Como Pedir Cita Previa Online y por tel\u00e9fono para gestiones ante la AEAT - Hacienda P\u00fablica. Para el IRPF, Renta, IVA, Consultas.\",\"breadcrumb\":{\"@id\":\"https:\/\/www.topcita.es\/blog\/cita-previa-aeat-hacienda\/#breadcrumb\"},\"inLanguage\":\"es\",\"potentialAction\":[{\"@type\":\"ReadAction\",\"target\":[\"https:\/\/www.topcita.es\/blog\/cita-previa-aeat-hacienda\/\"]}]},{\"@type\":\"BreadcrumbList\",\"@id\":\"https:\/\/www.topcita.es\/blog\/cita-previa-aeat-hacienda\/#breadcrumb\",\"itemListElement\":[{\"@type\":\"ListItem\",\"position\":1,\"name\":\"Portada\",\"item\":\"https:\/\/www.topcita.es\/blog\/\"},{\"@type\":\"ListItem\",\"position\":2,\"name\":\"Cita Previa AEAT\"}]},{\"@type\":\"WebSite\",\"@id\":\"https:\/\/www.topcita.es\/blog\/#website\",\"url\":\"https:\/\/www.topcita.es\/blog\/\",\"name\":\"TopCita.es\",\"description\":\"El mejor portal para pedir citas con la administraci\u00f3n\",\"potentialAction\":[{\"@type\":\"SearchAction\",\"target\":{\"@type\":\"EntryPoint\",\"urlTemplate\":\"https:\/\/www.topcita.es\/blog\/?s={search_term_string}\"},\"query-input\":\"required name=search_term_string\"}],\"inLanguage\":\"es\"}]}<\/script>\n<!-- \/ Yoast SEO plugin. -->","yoast_head_json":{"title":"Como Pedir Cita Previa Online en la AEAT - Hacienda | Topcita.es","description":"Como Pedir Cita Previa Online y por tel\u00e9fono para gestiones ante la AEAT - Hacienda P\u00fablica. Para el IRPF, Renta, IVA, Consultas.","robots":{"index":"index","follow":"follow","max-snippet":"max-snippet:-1","max-image-preview":"max-image-preview:large","max-video-preview":"max-video-preview:-1"},"canonical":"https:\/\/www.topcita.es\/blog\/cita-previa-aeat-hacienda\/","og_locale":"es_ES","og_type":"article","og_title":"Como Pedir Cita Previa Online en la AEAT - Hacienda | Topcita.es","og_description":"Como Pedir Cita Previa Online y por tel\u00e9fono para gestiones ante la AEAT - Hacienda P\u00fablica. Para el IRPF, Renta, IVA, Consultas.","og_url":"https:\/\/www.topcita.es\/blog\/cita-previa-aeat-hacienda\/","og_site_name":"TopCita.es","article_modified_time":"2022-06-12T11:11:57+00:00","og_image":[{"url":"https:\/\/www.topcita.es\/blog\/wp-content\/uploads\/2021\/08\/cita-previa-aeat.jpg"}],"twitter_card":"summary_large_image","twitter_misc":{"Tiempo de lectura":"6 minutos"},"schema":{"@context":"https:\/\/schema.org","@graph":[{"@type":"WebPage","@id":"https:\/\/www.topcita.es\/blog\/cita-previa-aeat-hacienda\/","url":"https:\/\/www.topcita.es\/blog\/cita-previa-aeat-hacienda\/","name":"Como Pedir Cita Previa Online en la AEAT - Hacienda | Topcita.es","isPartOf":{"@id":"https:\/\/www.topcita.es\/blog\/#website"},"datePublished":"2021-08-27T10:17:44+00:00","dateModified":"2022-06-12T11:11:57+00:00","description":"Como Pedir Cita Previa Online y por tel\u00e9fono para gestiones ante la AEAT - Hacienda P\u00fablica. Para el IRPF, Renta, IVA, Consultas.","breadcrumb":{"@id":"https:\/\/www.topcita.es\/blog\/cita-previa-aeat-hacienda\/#breadcrumb"},"inLanguage":"es","potentialAction":[{"@type":"ReadAction","target":["https:\/\/www.topcita.es\/blog\/cita-previa-aeat-hacienda\/"]}]},{"@type":"BreadcrumbList","@id":"https:\/\/www.topcita.es\/blog\/cita-previa-aeat-hacienda\/#breadcrumb","itemListElement":[{"@type":"ListItem","position":1,"name":"Portada","item":"https:\/\/www.topcita.es\/blog\/"},{"@type":"ListItem","position":2,"name":"Cita Previa AEAT"}]},{"@type":"WebSite","@id":"https:\/\/www.topcita.es\/blog\/#website","url":"https:\/\/www.topcita.es\/blog\/","name":"TopCita.es","description":"El mejor portal para pedir citas con la administraci\u00f3n","potentialAction":[{"@type":"SearchAction","target":{"@type":"EntryPoint","urlTemplate":"https:\/\/www.topcita.es\/blog\/?s={search_term_string}"},"query-input":"required name=search_term_string"}],"inLanguage":"es"}]}},"_links":{"self":[{"href":"https:\/\/www.topcita.es\/blog\/wp-json\/wp\/v2\/pages\/105","targetHints":{"allow":["GET"]}}],"collection":[{"href":"https:\/\/www.topcita.es\/blog\/wp-json\/wp\/v2\/pages"}],"about":[{"href":"https:\/\/www.topcita.es\/blog\/wp-json\/wp\/v2\/types\/page"}],"author":[{"embeddable":true,"href":"https:\/\/www.topcita.es\/blog\/wp-json\/wp\/v2\/users\/1"}],"replies":[{"embeddable":true,"href":"https:\/\/www.topcita.es\/blog\/wp-json\/wp\/v2\/comments?post=105"}],"version-history":[{"count":7,"href":"https:\/\/www.topcita.es\/blog\/wp-json\/wp\/v2\/pages\/105\/revisions"}],"predecessor-version":[{"id":186,"href":"https:\/\/www.topcita.es\/blog\/wp-json\/wp\/v2\/pages\/105\/revisions\/186"}],"wp:attachment":[{"href":"https:\/\/www.topcita.es\/blog\/wp-json\/wp\/v2\/media?parent=105"}],"curies":[{"name":"wp","href":"https:\/\/api.w.org\/{rel}","templated":true}]}}