{"id":91,"date":"2021-08-13T17:14:24","date_gmt":"2021-08-13T17:14:24","guid":{"rendered":"https:\/\/www.topcita.es\/blog\/?page_id=91"},"modified":"2022-06-02T15:01:27","modified_gmt":"2022-06-02T15:01:27","slug":"cita-previa-extranjeria","status":"publish","type":"page","link":"https:\/\/www.topcita.es\/blog\/cita-previa-extranjeria\/","title":{"rendered":"Cita Previa Extranjeria"},"content":{"rendered":"\n<p>Todo extranjero que desee establecerse en Espa\u00f1a se ha preguntado alguna vez \u00bfes necesario estar o pasar un tiempo determinado en Espa\u00f1a? \u00bfQu\u00e9 debo hacer? Si este es tu caso, te explicaremos paso a paso qu\u00e9 debes hacer para formalizar tu estancia en Espa\u00f1a por medio de las delegaciones de extranjer\u00eda disponibles en las provincias y Comunidades Aut\u00f3nomas.<\/p>\n\n\n\n<figure class=\"wp-block-gallery has-nested-images columns-default is-cropped wp-block-gallery-1 is-layout-flex wp-block-gallery-is-layout-flex\">\n<figure class=\"wp-block-image size-large\"><img loading=\"lazy\" decoding=\"async\" width=\"819\" height=\"344\" data-id=\"92\" src=\"https:\/\/www.topcita.es\/blog\/wp-content\/uploads\/2021\/08\/cita-previa-extranjeria.jpg\" alt=\"Cita Previa Extranjeria Nie\" class=\"wp-image-92\" srcset=\"https:\/\/www.topcita.es\/blog\/wp-content\/uploads\/2021\/08\/cita-previa-extranjeria.jpg 819w, https:\/\/www.topcita.es\/blog\/wp-content\/uploads\/2021\/08\/cita-previa-extranjeria-300x126.jpg 300w, https:\/\/www.topcita.es\/blog\/wp-content\/uploads\/2021\/08\/cita-previa-extranjeria-768x323.jpg 768w\" sizes=\"auto, (max-width: 819px) 100vw, 819px\" \/><\/figure>\n<figcaption class=\"blocks-gallery-caption\">Cita Previa Extranjeria &#8211; NIE<\/figcaption><\/figure>\n\n\n\n<p>Estas delegaciones se encuentran gestionadas por el Ministerio de Inmigraci\u00f3n y Extranjer\u00eda del Estado Espa\u00f1ol y para tener acceso a estas debes tener presente que necesitas de una cita previa, de lo contrario no ser\u00e1s atendido.<\/p>\n\n\n\n<p>Es necesario que legalices tu situaci\u00f3n es Espa\u00f1a para evitar tener problemas y contar as\u00ed con todos los papeles necesarios para acceder a diferentes servicios y optar a un trabajo.<\/p>\n\n\n\n<h2 class=\"wp-block-heading\">\u00bfQu\u00e9 tramites necesitan una cita previa en extranjer\u00eda?<\/h2>\n\n\n\n<p>La cita previa con <a href=\"https:\/\/www.topcita.es\/madrid\/parla\/cita-previa-extranjeria\/\">Extranjer\u00eda<\/a> debe solicitarse para presentar diferentes solicitudes de autorizaciones administrativas, entre ellas destacan:<\/p>\n\n\n\n<p><strong>Residencia por circunstancias excepcionales:<\/strong> necesitas contar con la cita con el nombre y NIE\/Pasaporte del ciudadano extranjero.<\/p>\n\n\n\n<p><strong>Para la autorizaci\u00f3n de residencia de menores o incapacitados:<\/strong> uno de los padres o representante legal debe realizar diferentes tr\u00e1mites y solo se requiere de una cita, aun si debes solicitar autorizaci\u00f3n para m\u00e1s de un menor.<\/p>\n\n\n\n<p><strong>Por reagrupaci\u00f3n familiar:<\/strong> debe gestionar la cita la persona que solicita la reagrupaci\u00f3n y solo debe reservar una sin importar el n\u00famero de familiares a reagrupar.<\/p>\n\n\n\n<p><strong>Autorizar la residencia independiente de familiares reagrupados:<\/strong> la persona interesada debe reservar la cita con su NIE:<\/p>\n\n\n\n<p><strong>Autorizaci\u00f3n de trabajo y residencia por cuenta ajena inicial o simples residencias de larga duraci\u00f3n:<\/strong> debe solicitar la cita y realizar el tr\u00e1mite el empleador o un representante legal.<\/p>\n\n\n\n<p><strong>Tarjeta de residencia de familiar de ciudadano de la UE:<\/strong> solo requiere cita la solicitud inicial.<\/p>\n\n\n\n<ul class=\"wp-block-list\"><li><strong>Visados para adopci\u00f3n de menores extranjeros<\/strong>.<\/li><\/ul>\n\n\n\n<p>Debes conservar tu cita, ya que ser\u00e1 requerida por la oficina para la mayor\u00eda de los tr\u00e1mites.<\/p>\n\n\n\n<h2 class=\"wp-block-heading\">\u00bfC\u00f3mo pedir Cita en Extranjer\u00eda?<\/h2>\n\n\n\n<p>Existen diferentes canales habilitados para realizar la solicitud de tu cita previa para las delegaciones de extranjer\u00eda:<\/p>\n\n\n\n<ul class=\"wp-block-list\"><li><strong>Tel\u00e9fono<\/strong>: llama al n\u00famero de tel\u00e9fono habilitado para las delegaciones provinciales.<\/li><li><strong>Internet<\/strong>: puedes solicitar una cita desde la Sede Electr\u00f3nica de la Secretaria de Estado de la Administraci\u00f3n.<\/li><\/ul>\n\n\n\n<h2 class=\"wp-block-heading\">\u00bfC\u00f3mo pedir cita con Extranjer\u00eda por tel\u00e9fono?<\/h2>\n\n\n\n<p>El tr\u00e1mite es muy sencillo, llama al tel\u00e9fono correspondiente a la oficina de extranjer\u00eda de tu provincia de inter\u00e9s y gestionar en la llamada tu cita previa.<\/p>\n\n\n\n<p>Estas son las provincias disponibles y los respectivos n\u00fameros de tel\u00e9fono de las oficinas de extranjer\u00eda:<\/p>\n\n\n\n<p>Tel\u00e9fonos extranjeria<\/p>\n\n\n\n<h2 class=\"wp-block-heading\">\u00bfC\u00f3mo solicitar una Cita Previa por internet con Extranjer\u00eda?<\/h2>\n\n\n\n<p>Con el objetivo de reservar tu cita previa de extranjer\u00eda, lo primero que tienes que hacer es acudir al enlace de la Sede Electr\u00f3nica de la Administraci\u00f3n. Una vez hayas accedido, solo tienes que seguir estos pasos:<\/p>\n\n\n\n<ol class=\"wp-block-list\" type=\"1\"><li><strong>Escoge tu provincia: <\/strong>elige la provincia en la cual deseas realizar el tr\u00e1mite. Una vez hecho esto, haz clic en \u00abAceptar\u00bb. Debajo del bot\u00f3n de \u00abAceptar\u00bb encontrar\u00e1s la informaci\u00f3n que necesitas sobre modelos de solicitud y otros pasos que puedes seguir por v\u00eda online o telef\u00f3nica.<\/li><li><strong>Selecci\u00f3n de los tr\u00e1mites:<\/strong> ahora que has clicado en \u00abAceptar\u00bb aparecer\u00e1 una pantalla en la que deber\u00e1s elegir los tr\u00e1mites disponibles en la sede provincial elegida a trav\u00e9s de un men\u00fa desplegable. Los tr\u00e1mites disponibles pueden variar entre provincia.<\/li><\/ol>\n\n\n\n<p>Por ejemplo, en la provincia de Barcelona estar\u00e1n disponibles los siguientes tr\u00e1mites:<\/p>\n\n\n\n<ul class=\"wp-block-list\"><li>Tr\u00e1mites Oficina de Extranjer\u00eda:<ul><li>Solicitud de tramitaciones.<\/li><\/ul><\/li><li>Tr\u00e1mites Cuerpo Nacional de Polic\u00eda:<ul><li>Expedici\u00f3n\/Renovaci\u00f3n de Documentos de Solicitantes de Asilo.<\/li><li>Certificados UE (Exclusivamente para Reino Unido).<\/li><li>Autorizaciones de Regreso.<\/li><li>Solicitud Asilo.<\/li><li>Certificados y Asignaci\u00f3n NIE.<\/li><li>Certificados UE.<\/li><li>Certificados y Asignaci\u00f3n NIE (No Comunitarios).<\/li><\/ul><\/li><\/ul>\n\n\n\n<p>Una vez elegido el tr\u00e1mite, solo tienes que clicar en \u00ab<strong>Aceptar<\/strong>\u00bb para pasar al siguiente paso:<\/p>\n\n\n\n<ul class=\"wp-block-list\"><li><strong>Datos personales: <\/strong>en la nueva pantalla que se desplegar\u00e1 te solicitar\u00e1n tus datos de identificaci\u00f3n, como nombre y apellidos, a\u00f1o de nacimiento y tipo de documento y n\u00famero de identificaci\u00f3n (Pasaporte, DNI o NIE) luego deber\u00e1s validar tus actividades a trav\u00e9s sistema de seguridad Captcha. Una vez hecho esto, clica en \u00abAceptar\u00bb.<\/li><li><strong>Fijaci\u00f3n de la cita: <\/strong>sigue las instrucciones de la p\u00e1gina para validar el d\u00eda y la hora de tu cita en la delegaci\u00f3n provincial de extranjer\u00eda que has seleccionado. Anota los datos e imprime la citaci\u00f3n.<\/li><\/ul>\n\n\n\n<ul class=\"wp-block-list\"><li><a href=\"https:\/\/www.topcita.es\/barcelona\/barcelona\/cita-previa-extranjeria\/\">Cita Previa Extranjer\u00eda Huellas Barcelona <\/a><\/li><li> <a href=\"https:\/\/www.topcita.es\/murcia\/lorca\/cita-previa-extranjeria\/\">Cita Previa Nie y toma huellas Murcia<\/a><\/li><li> <a href=\"https:\/\/www.topcita.es\/zaragoza\/zaragoza\/cita-previa-extranjeria\/\">Cita Previa Huellas Zaragoza<\/a><\/li><li><a href=\"https:\/\/www.topcita.es\/valencia\/valencia\/cita-previa-extranjeria\/\"> Cita Previa extranjeria Valencia<\/a> <\/li><li><a href=\"https:\/\/www.topcita.es\/rioja-la\/logrono\/cita-previa-extranjeria\/\">Cita Previa Extranjeria Logro\u00f1o<\/a> <\/li><li><a href=\"https:\/\/www.topcita.es\/alicante\/alicante\/cita-previa-extranjeria\/\">Cita Previa Huellas Alicante <\/a><\/li><li><a href=\"https:\/\/www.topcita.es\/cadiz\/cadiz\/cita-previa-extranjeria\/\">Cita Previa Extranjeria C\u00e1diz<\/a><\/li><li><a href=\"https:\/\/www.topcita.es\/leon\/leon\/cita-previa-extranjeria\/\">Cita Huellas Le\u00f3n<\/a><\/li><li><a href=\"https:\/\/www.topcita.es\/malaga\/malaga\/cita-previa-extranjeria\/\">Cita Previa Extranjeria M\u00e1laga<\/a><\/li><li><a href=\"https:\/\/www.topcita.es\/toledo\/toledo\/cita-previa-extranjeria\/\">Extranjer\u00eda y Toma Huellas Polic\u00eda Toledo<\/a><\/li><\/ul>\n\n\n\n<h2 class=\"wp-block-heading\">Cita Previa Nie Extranjeria por Provincias<\/h2>\n\n\n\n<ul class=\"wp-block-list\"><li><a href=\"https:\/\/www.topcita.es\/albacete\/\">Cita Previa EXTRANJERIA Albacete<\/a><\/li><li><a href=\"https:\/\/www.topcita.es\/alicante\/\">Cita Previa EXTRANJERIA Alicante<\/a><\/li><li><a href=\"https:\/\/www.topcita.es\/almeria\/\">Cita Previa EXTRANJERIA Almer\u00eda<\/a><\/li><li><a href=\"https:\/\/www.topcita.es\/araba\/\">Cita Previa EXTRANJERIA \u00c1lava<\/a><\/li><li><a href=\"https:\/\/www.topcita.es\/asturias\/\">Cita Previa EXTRANJERIA Asturias<\/a><\/li><li><a href=\"https:\/\/www.topcita.es\/avila\/\">Cita Previa EXTRANJERIA \u00c1vila<\/a><\/li><li><a href=\"https:\/\/www.topcita.es\/badajoz\/\">Cita Previa EXTRANJERIA Badajoz<\/a><\/li><li><a href=\"https:\/\/www.topcita.es\/balears-illes\/\">Cita Previa EXTRANJERIA Baleares<\/a><\/li><li><a href=\"https:\/\/www.topcita.es\/bizkaia\/\">Cita Previa EXTRANJERIA Bilbao<\/a><\/li><li><a href=\"https:\/\/www.topcita.es\/burgos\/\">Cita Previa EXTRANJERIABurgos<\/a><\/li><li><a href=\"https:\/\/www.topcita.es\/caceres\/\">Cita Previa EXTRANJERIA C\u00e1ceres<\/a><\/li><li><a href=\"https:\/\/www.topcita.es\/cadiz\/\">Cita Previa EXTRANJERIA C\u00e1diz<\/a><\/li><li><a href=\"https:\/\/www.topcita.es\/cantabria\/\">Cita Previa EXTRANJERIA Cantabria<\/a><\/li><li><a href=\"https:\/\/www.topcita.es\/castellon\/\">Cita Previa EXTRANJERIA Castell\u00f3n<\/a><\/li><li><a href=\"https:\/\/www.topcita.es\/ciudad-real\/\">Cita Previa EXTRANJERIA Ciudad Real<\/a><\/li><li><a href=\"https:\/\/www.topcita.es\/cordoba\/\">Cita Previa EXTRANJERIA C\u00f3rdoba<\/a><\/li><li><a href=\"https:\/\/www.topcita.es\/coruna-a\/\">Cita Previa EXTRANJERIA A Coru\u00f1a<\/a><\/li><li><a href=\"https:\/\/www.topcita.es\/cuenca\/\">Cita Previa EXTRANJERIA Cuenca<\/a><\/li><li><a href=\"https:\/\/www.topcita.es\/gipuzkoa\/\">Cita Previa EXTRANJERIA Donosti San Sebasti\u00e1n<\/a><\/li><li><a href=\"https:\/\/www.topcita.es\/girona\/\">Cita PreviaEXTRANJERIA Girona<\/a><\/li><li><a href=\"https:\/\/www.topcita.es\/granada\/\">Cita Previa EXTRANJERIA Granada<\/a><\/li><li><a href=\"https:\/\/www.topcita.es\/guadalajara\/\">Cita Previa EXTRANJERIA Guadalajara<\/a><\/li><li><a href=\"https:\/\/www.topcita.es\/huelva\/\">Cita Previa EXTRANJERIA Huelva<\/a><\/li><li><a href=\"https:\/\/www.topcita.es\/huesca\/\">Cita Previa EXTRANJERIA Huesca<\/a><\/li><li><a href=\"https:\/\/www.topcita.es\/jaen\/\">Cita Previa EXTRANJERIA Ja\u00e9n<\/a><\/li><li><a href=\"https:\/\/www.topcita.es\/leon\/\">Cita Previa EXTRANJERIA Le\u00f3n<\/a><\/li><li><a href=\"https:\/\/www.topcita.es\/lleida\/\">Cita Previa EXTRANJERIA Lleida<\/a><\/li><li><a href=\"https:\/\/www.topcita.es\/lugo\/\">Cita Previa EXTRANJERIA Lugo<\/a><\/li><li><a href=\"https:\/\/www.topcita.es\/malaga\/\">Cita Previa EXTRANJERIA M\u00e1laga<\/a><\/li><li><a href=\"https:\/\/www.topcita.es\/murcia\/\">Cita Previa EXTRANJERIA Murcia<\/a><\/li><li><a href=\"https:\/\/www.topcita.es\/navarra\/\">Cita Previa EXTRANJERIA  Pamplona<\/a><\/li><li><a href=\"https:\/\/www.topcita.es\/palmas-las\/\">Cita Previa EXTRANJERIA Las Palmas<\/a><\/li><li><a href=\"https:\/\/www.topcita.es\/pontevedra\/\">Cita Previa EXTRANJERIA Vigo Pontevedra<\/a><\/li><li><a href=\"https:\/\/www.topcita.es\/rioja-la\/\">Cita Previa EXTRANJERIA Logro\u00f1o &#8211; La Rioja<\/a><\/li><li><a href=\"https:\/\/www.topcita.es\/salamanca\/\">Cita Previa EXTRANJERIA Salamanca<\/a><\/li><li><a href=\"https:\/\/www.topcita.es\/santa-cruz-de-tenerife\/\">Cita Previa EXTRANJERIA Tenerife<\/a><\/li><li><a href=\"https:\/\/www.topcita.es\/tarragona\/\">Cita Previa EXTRANJERIA Tarragona<\/a><\/li><li><a href=\"https:\/\/www.topcita.es\/toledo\/\">Cita Previa EXTRANJERIA Toledo<\/a><\/li><li><a href=\"https:\/\/www.topcita.es\/valladolid\/\">Cita Previa EXTRANJERIA Valladolid<\/a><\/li><\/ul>\n","protected":false},"excerpt":{"rendered":"<p>Todo extranjero que desee establecerse en Espa\u00f1a se ha preguntado alguna vez \u00bfes necesario estar o pasar un tiempo determinado en Espa\u00f1a? \u00bfQu\u00e9 debo hacer? Si este es tu caso, te explicaremos paso a paso qu\u00e9 debes hacer para formalizar tu estancia en Espa\u00f1a por medio de las delegaciones de extranjer\u00eda disponibles en las provincias &#8230; <a title=\"Cita Previa Extranjeria\" class=\"read-more\" href=\"https:\/\/www.topcita.es\/blog\/cita-previa-extranjeria\/\" aria-label=\"M\u00e1s en Cita Previa Extranjeria\">Leer m\u00e1s<\/a><\/p>\n","protected":false},"author":1,"featured_media":0,"parent":0,"menu_order":0,"comment_status":"closed","ping_status":"closed","template":"","meta":{"footnotes":""},"class_list":["post-91","page","type-page","status-publish"],"yoast_head":"<!-- This site is optimized with the Yoast SEO plugin v20.13 - https:\/\/yoast.com\/wordpress\/plugins\/seo\/ -->\n<title>Como Pedir Cita Previa en Extranjeria - Nie | Topcita.es<\/title>\n<meta name=\"description\" content=\"Pasos a seguir para pedir Cita Previa en Extranjeria y Cita para huellas para tramitar la nacionalidad Espa\u00f1ola. Delegaciones provinciales\" \/>\n<meta name=\"robots\" content=\"index, follow, max-snippet:-1, max-image-preview:large, max-video-preview:-1\" \/>\n<link rel=\"canonical\" href=\"https:\/\/www.topcita.es\/blog\/cita-previa-extranjeria\/\" \/>\n<meta property=\"og:locale\" content=\"es_ES\" \/>\n<meta property=\"og:type\" content=\"article\" \/>\n<meta property=\"og:title\" content=\"Como Pedir Cita Previa en Extranjeria - Nie | Topcita.es\" \/>\n<meta property=\"og:description\" content=\"Pasos a seguir para pedir Cita Previa en Extranjeria y Cita para huellas para tramitar la nacionalidad Espa\u00f1ola. Delegaciones provinciales\" \/>\n<meta property=\"og:url\" content=\"https:\/\/www.topcita.es\/blog\/cita-previa-extranjeria\/\" \/>\n<meta property=\"og:site_name\" content=\"TopCita.es\" \/>\n<meta property=\"article:modified_time\" content=\"2022-06-02T15:01:27+00:00\" \/>\n<meta property=\"og:image\" content=\"https:\/\/www.topcita.es\/blog\/wp-content\/uploads\/2021\/08\/cita-previa-extranjeria.jpg\" \/>\n<meta name=\"twitter:card\" content=\"summary_large_image\" \/>\n<meta name=\"twitter:label1\" content=\"Tiempo de lectura\" \/>\n\t<meta name=\"twitter:data1\" content=\"5 minutos\" \/>\n<script type=\"application\/ld+json\" class=\"yoast-schema-graph\">{\"@context\":\"https:\/\/schema.org\",\"@graph\":[{\"@type\":\"WebPage\",\"@id\":\"https:\/\/www.topcita.es\/blog\/cita-previa-extranjeria\/\",\"url\":\"https:\/\/www.topcita.es\/blog\/cita-previa-extranjeria\/\",\"name\":\"Como Pedir Cita Previa en Extranjeria - Nie | Topcita.es\",\"isPartOf\":{\"@id\":\"https:\/\/www.topcita.es\/blog\/#website\"},\"datePublished\":\"2021-08-13T17:14:24+00:00\",\"dateModified\":\"2022-06-02T15:01:27+00:00\",\"description\":\"Pasos a seguir para pedir Cita Previa en Extranjeria y Cita para huellas para tramitar la nacionalidad Espa\u00f1ola. Delegaciones provinciales\",\"breadcrumb\":{\"@id\":\"https:\/\/www.topcita.es\/blog\/cita-previa-extranjeria\/#breadcrumb\"},\"inLanguage\":\"es\",\"potentialAction\":[{\"@type\":\"ReadAction\",\"target\":[\"https:\/\/www.topcita.es\/blog\/cita-previa-extranjeria\/\"]}]},{\"@type\":\"BreadcrumbList\",\"@id\":\"https:\/\/www.topcita.es\/blog\/cita-previa-extranjeria\/#breadcrumb\",\"itemListElement\":[{\"@type\":\"ListItem\",\"position\":1,\"name\":\"Portada\",\"item\":\"https:\/\/www.topcita.es\/blog\/\"},{\"@type\":\"ListItem\",\"position\":2,\"name\":\"Cita Previa Extranjeria\"}]},{\"@type\":\"WebSite\",\"@id\":\"https:\/\/www.topcita.es\/blog\/#website\",\"url\":\"https:\/\/www.topcita.es\/blog\/\",\"name\":\"TopCita.es\",\"description\":\"El mejor portal para pedir citas con la administraci\u00f3n\",\"potentialAction\":[{\"@type\":\"SearchAction\",\"target\":{\"@type\":\"EntryPoint\",\"urlTemplate\":\"https:\/\/www.topcita.es\/blog\/?s={search_term_string}\"},\"query-input\":\"required name=search_term_string\"}],\"inLanguage\":\"es\"}]}<\/script>\n<!-- \/ Yoast SEO plugin. -->","yoast_head_json":{"title":"Como Pedir Cita Previa en Extranjeria - Nie | Topcita.es","description":"Pasos a seguir para pedir Cita Previa en Extranjeria y Cita para huellas para tramitar la nacionalidad Espa\u00f1ola. Delegaciones provinciales","robots":{"index":"index","follow":"follow","max-snippet":"max-snippet:-1","max-image-preview":"max-image-preview:large","max-video-preview":"max-video-preview:-1"},"canonical":"https:\/\/www.topcita.es\/blog\/cita-previa-extranjeria\/","og_locale":"es_ES","og_type":"article","og_title":"Como Pedir Cita Previa en Extranjeria - Nie | Topcita.es","og_description":"Pasos a seguir para pedir Cita Previa en Extranjeria y Cita para huellas para tramitar la nacionalidad Espa\u00f1ola. Delegaciones provinciales","og_url":"https:\/\/www.topcita.es\/blog\/cita-previa-extranjeria\/","og_site_name":"TopCita.es","article_modified_time":"2022-06-02T15:01:27+00:00","og_image":[{"url":"https:\/\/www.topcita.es\/blog\/wp-content\/uploads\/2021\/08\/cita-previa-extranjeria.jpg"}],"twitter_card":"summary_large_image","twitter_misc":{"Tiempo de lectura":"5 minutos"},"schema":{"@context":"https:\/\/schema.org","@graph":[{"@type":"WebPage","@id":"https:\/\/www.topcita.es\/blog\/cita-previa-extranjeria\/","url":"https:\/\/www.topcita.es\/blog\/cita-previa-extranjeria\/","name":"Como Pedir Cita Previa en Extranjeria - Nie | Topcita.es","isPartOf":{"@id":"https:\/\/www.topcita.es\/blog\/#website"},"datePublished":"2021-08-13T17:14:24+00:00","dateModified":"2022-06-02T15:01:27+00:00","description":"Pasos a seguir para pedir Cita Previa en Extranjeria y Cita para huellas para tramitar la nacionalidad Espa\u00f1ola. Delegaciones provinciales","breadcrumb":{"@id":"https:\/\/www.topcita.es\/blog\/cita-previa-extranjeria\/#breadcrumb"},"inLanguage":"es","potentialAction":[{"@type":"ReadAction","target":["https:\/\/www.topcita.es\/blog\/cita-previa-extranjeria\/"]}]},{"@type":"BreadcrumbList","@id":"https:\/\/www.topcita.es\/blog\/cita-previa-extranjeria\/#breadcrumb","itemListElement":[{"@type":"ListItem","position":1,"name":"Portada","item":"https:\/\/www.topcita.es\/blog\/"},{"@type":"ListItem","position":2,"name":"Cita Previa Extranjeria"}]},{"@type":"WebSite","@id":"https:\/\/www.topcita.es\/blog\/#website","url":"https:\/\/www.topcita.es\/blog\/","name":"TopCita.es","description":"El mejor portal para pedir citas con la administraci\u00f3n","potentialAction":[{"@type":"SearchAction","target":{"@type":"EntryPoint","urlTemplate":"https:\/\/www.topcita.es\/blog\/?s={search_term_string}"},"query-input":"required name=search_term_string"}],"inLanguage":"es"}]}},"_links":{"self":[{"href":"https:\/\/www.topcita.es\/blog\/wp-json\/wp\/v2\/pages\/91","targetHints":{"allow":["GET"]}}],"collection":[{"href":"https:\/\/www.topcita.es\/blog\/wp-json\/wp\/v2\/pages"}],"about":[{"href":"https:\/\/www.topcita.es\/blog\/wp-json\/wp\/v2\/types\/page"}],"author":[{"embeddable":true,"href":"https:\/\/www.topcita.es\/blog\/wp-json\/wp\/v2\/users\/1"}],"replies":[{"embeddable":true,"href":"https:\/\/www.topcita.es\/blog\/wp-json\/wp\/v2\/comments?post=91"}],"version-history":[{"count":13,"href":"https:\/\/www.topcita.es\/blog\/wp-json\/wp\/v2\/pages\/91\/revisions"}],"predecessor-version":[{"id":181,"href":"https:\/\/www.topcita.es\/blog\/wp-json\/wp\/v2\/pages\/91\/revisions\/181"}],"wp:attachment":[{"href":"https:\/\/www.topcita.es\/blog\/wp-json\/wp\/v2\/media?parent=91"}],"curies":[{"name":"wp","href":"https:\/\/api.w.org\/{rel}","templated":true}]}}